{"id":15,"date":"2021-11-09T20:28:51","date_gmt":"2021-11-09T19:28:51","guid":{"rendered":"http:\/\/pomoc.zlobek.online\/?page_id=15"},"modified":"2021-11-09T21:04:24","modified_gmt":"2021-11-09T20:04:24","slug":"centrum-pomocy","status":"publish","type":"page","link":"https:\/\/pomoc.zlobek.online\/","title":{"rendered":"Centrum pomocy"},"content":{"rendered":"\n<p>Witaj! <\/p>\n\n\n\n<p>Na tej stronie publikujemy wszelkie materia\u0142y, kt\u00f3re u\u0142atwi\u0105 Ci korzystanie z aplikacji \u017b\u0142obek Online.<\/p>\n\n\n\n<p>Je\u015bli nie znajdziesz tutaj pomocnego artyku\u0142u &#8211; napisz do nas na pomoc@zlobek.online. Na pewno Ci pomo\u017cemy!<\/p>\n","protected":false},"excerpt":{"rendered":"<p>Witaj! Na tej stronie publikujemy wszelkie materia\u0142y, kt\u00f3re u\u0142atwi\u0105 Ci korzystanie z aplikacji \u017b\u0142obek Online. Je\u015bli nie znajdziesz tutaj pomocnego artyku\u0142u &#8211; napisz do nas na pomoc@zlobek.online. Na pewno Ci pomo\u017cemy!<\/p>\n","protected":false},"author":1,"featured_media":0,"parent":0,"menu_order":0,"comment_status":"closed","ping_status":"closed","template":"","meta":{"_coblocks_attr":"","_coblocks_dimensions":"","_coblocks_responsive_height":"","_coblocks_accordion_ie_support":"","_price":"","_stock":"","_tribe_ticket_header":"","_tribe_default_ticket_provider":"","_tribe_ticket_capacity":"0","_ticket_start_date":"","_ticket_end_date":"","_tribe_ticket_show_description":"","_tribe_ticket_show_not_going":false,"_tribe_ticket_use_global_stock":"","_tribe_ticket_global_stock_level":"","_global_stock_mode":"","_global_stock_cap":"","_tribe_rsvp_for_event":"","_tribe_ticket_going_count":"","_tribe_ticket_not_going_count":"","_tribe_tickets_list":"[]","_tribe_ticket_has_attendee_info_fields":false,"hide_page_title":"","footnotes":"","_tec_slr_enabled":"","_tec_slr_layout":""},"class_list":["post-15","page","type-page","status-publish","hentry"],"ticketed":false,"_links":{"self":[{"href":"https:\/\/pomoc.zlobek.online\/index.php\/wp-json\/wp\/v2\/pages\/15","targetHints":{"allow":["GET"]}}],"collection":[{"href":"https:\/\/pomoc.zlobek.online\/index.php\/wp-json\/wp\/v2\/pages"}],"about":[{"href":"https:\/\/pomoc.zlobek.online\/index.php\/wp-json\/wp\/v2\/types\/page"}],"author":[{"embeddable":true,"href":"https:\/\/pomoc.zlobek.online\/index.php\/wp-json\/wp\/v2\/users\/1"}],"replies":[{"embeddable":true,"href":"https:\/\/pomoc.zlobek.online\/index.php\/wp-json\/wp\/v2\/comments?post=15"}],"version-history":[{"count":2,"href":"https:\/\/pomoc.zlobek.online\/index.php\/wp-json\/wp\/v2\/pages\/15\/revisions"}],"predecessor-version":[{"id":25,"href":"https:\/\/pomoc.zlobek.online\/index.php\/wp-json\/wp\/v2\/pages\/15\/revisions\/25"}],"wp:attachment":[{"href":"https:\/\/pomoc.zlobek.online\/index.php\/wp-json\/wp\/v2\/media?parent=15"}],"curies":[{"name":"wp","href":"https:\/\/api.w.org\/{rel}","templated":true}]}}